{"id":2,"date":"2025-09-08T12:09:22","date_gmt":"2025-09-08T10:09:22","guid":{"rendered":"https:\/\/pio.com.hr\/1000ruksaka\/?page_id=2"},"modified":"2025-09-08T14:08:38","modified_gmt":"2025-09-08T12:08:38","slug":"humanitarna-akcija-1000-ruksaka","status":"publish","type":"page","link":"https:\/\/1000ruksaka.org\/?page_id=2","title":{"rendered":"Humanitarna akcija 1000 RUKSAKA"},"content":{"rendered":"\n<p>Franjeva\u010dki svjetovni red, mjesno bratstvo Gospa Lurdska iz Rijeke pokre\u0107e akciju za pomo\u0107 besku\u0107nicima.<br>U prvoj fazi \u017eelimo pripremiti 1000 ruksaka s potrep\u0161tinama za hladne i ki\u0161ne dane ove jeseni i zime \u2013 s osnovnim higijenskim priborom, kabanicama, kapama, \u0161alovima, \u010darapama, donjim rubljem i drugim nu\u017enim stvarima.<\/p>\n\n\n\n<figure class=\"wp-block-image size-full\"><img loading=\"lazy\" decoding=\"async\" width=\"940\" height=\"788\" src=\"https:\/\/pio.com.hr\/1000ruksaka\/wp-content\/uploads\/2025\/09\/vizual-poziva2.jpeg\" alt=\"\" class=\"wp-image-8\" srcset=\"https:\/\/1000ruksaka.org\/wp-content\/uploads\/2025\/09\/vizual-poziva2.jpeg 940w, https:\/\/1000ruksaka.org\/wp-content\/uploads\/2025\/09\/vizual-poziva2-300x251.jpeg 300w, https:\/\/1000ruksaka.org\/wp-content\/uploads\/2025\/09\/vizual-poziva2-768x644.jpeg 768w\" sizes=\"auto, (max-width: 940px) 100vw, 940px\" \/><\/figure>\n\n\n\n<blockquote class=\"wp-block-quote is-layout-flow wp-block-quote-is-layout-flow\">\n<p>Prikupljeni ruksaci slat \u0107e se u centre za besku\u0107nike diljem Hrvatske.<br>U akciju se mogu uklju\u010diti tvrtke, udruge i fizi\u010dke osobe. Pomo\u0107 je mogu\u0107a na dva na\u010dina:<br>&#8211; donacijom konkretnih artikala s liste potrebnih stvari (u ve\u0107im ili manjim koli\u010dinama),<br>&#8211; ili uplatom nov\u010dane donacije, kako bi se potrebne stvari mogle zajedni\u010dki nabaviti po povoljnijim cijenama.<\/p>\n<\/blockquote>\n\n\n\n<p>&#8230; Dovoljno je da svatko preuzme dio nabave \u2013 zajedni\u010dkim snagama mo\u017eemo osigurati da ruksaci budu pripremljeni na vrijeme i da pomognemo \u0161to ve\u0107em broju osoba.<\/p>\n\n\n\n<blockquote class=\"wp-block-quote is-layout-flow wp-block-quote-is-layout-flow\">\n<p>Ovo je lista potrebnih stvari poredana po prioritetima:<br>1. Ruksak (vodootporan po mogu\u0107nosti, s vi\u0161e vanjskih d\u017eepova, 25 l)<br>2. Kabanica<br>3. Flis kapa<br>4. Flis rukavice (tople, duple)<br>5. Buff<br>7. \u010carape 3 para<br>8. Bokserice L veli\u010dine 2 kom<br>9. Vla\u017ene maramice<br>10. Dezodorans u spreju<br>11. Britvice<br>12. Multivitamin direkt vre\u0107.<br>13. \u017dlica metalna<br>17. Energetska \u010dokolada (mek\u0161a)<\/p>\n<\/blockquote>\n\n\n\n<p class=\"has-x-large-font-size\"><a href=\"https:\/\/docs.google.com\/forms\/d\/e\/1FAIpQLSeplv2Nt_WBa7YS_7mEcjhj146U7vp2jvU8ChIHZpC5DLRDMA\/viewform\"><strong>Prijava za inicijativu &#8220;1000 Ruksaka&#8221;<\/strong><\/a><\/p>\n\n\n\n<p><\/p>\n","protected":false},"excerpt":{"rendered":"<p>Franjeva\u010dki svjetovni red, mjesno bratstvo Gospa Lurdska iz Rijeke pokre\u0107e akciju za pomo\u0107 besku\u0107nicima.U prvoj fazi \u017eelimo pripremiti 1000 ruksaka s potrep\u0161tinama za hladne i ki\u0161ne dane ove jeseni i zime \u2013 s osnovnim higijenskim priborom, kabanicama, kapama, \u0161alovima, \u010darapama, donjim rubljem i drugim nu\u017enim stvarima. Prikupljeni ruksaci slat \u0107e se u centre za besku\u0107nike [&hellip;]<\/p>\n","protected":false},"author":1,"featured_media":0,"parent":0,"menu_order":0,"comment_status":"closed","ping_status":"open","template":"","meta":{"footnotes":""},"class_list":["post-2","page","type-page","status-publish","hentry"],"_links":{"self":[{"href":"https:\/\/1000ruksaka.org\/index.php?rest_route=\/wp\/v2\/pages\/2","targetHints":{"allow":["GET"]}}],"collection":[{"href":"https:\/\/1000ruksaka.org\/index.php?rest_route=\/wp\/v2\/pages"}],"about":[{"href":"https:\/\/1000ruksaka.org\/index.php?rest_route=\/wp\/v2\/types\/page"}],"author":[{"embeddable":true,"href":"https:\/\/1000ruksaka.org\/index.php?rest_route=\/wp\/v2\/users\/1"}],"replies":[{"embeddable":true,"href":"https:\/\/1000ruksaka.org\/index.php?rest_route=%2Fwp%2Fv2%2Fcomments&post=2"}],"version-history":[{"count":2,"href":"https:\/\/1000ruksaka.org\/index.php?rest_route=\/wp\/v2\/pages\/2\/revisions"}],"predecessor-version":[{"id":16,"href":"https:\/\/1000ruksaka.org\/index.php?rest_route=\/wp\/v2\/pages\/2\/revisions\/16"}],"wp:attachment":[{"href":"https:\/\/1000ruksaka.org\/index.php?rest_route=%2Fwp%2Fv2%2Fmedia&parent=2"}],"curies":[{"name":"wp","href":"https:\/\/api.w.org\/{rel}","templated":true}]}}